{"id":2,"date":"2025-08-18T09:57:10","date_gmt":"2025-08-18T09:57:10","guid":{"rendered":"https:\/\/bdqcert.com\/etikhatti\/?page_id=2"},"modified":"2025-08-18T12:19:29","modified_gmt":"2025-08-18T12:19:29","slug":"etik-ihlal-bildirim-formu","status":"publish","type":"page","link":"https:\/\/bdqcert.com\/etikhatti\/","title":{"rendered":"Etik \u0130hlal Bildirim Formu"},"content":{"rendered":"<style id=\"wpforms-css-vars-19-block-7f27e299-45b7-4d2b-967b-caa47d50d908\">\n\t\t\t\t#wpforms-19.wpforms-block-7f27e299-45b7-4d2b-967b-caa47d50d908 {\n\t\t\t\t--wpforms-label-color: #000000;\n--wpforms-label-sublabel-color: #6A6A6A;\n--wpforms-label-error-color: #D80F0F;\n--wpforms-page-break-color: #3961FF;\n--wpforms-field-border-radius: 6px;\n--wpforms-field-border-color: #D2D2D2;\n--wpforms-field-border-color-spare: #D2D2D2;\n--wpforms-field-text-color: #6A6A6A;\n--wpforms-container-padding: 40px;\n--wpforms-container-border-style: solid;\n--wpforms-container-border-width: 10px;\n--wpforms-container-border-color: #ffffff;\n--wpforms-container-border-radius: 12px;\n--wpforms-button-border-radius: 6px;\n--wpforms-button-background-color: #3961FF;\n--wpforms-button-text-color: #FFFFFF;\n--wpforms-button-border-color: #3961FF;\n--wpforms-background-image: stock;\n--wpforms-background-position: bottom center;\n--wpforms-background-color: #f8f8f8;\n--wpforms-field-size-input-height: 43px;\n--wpforms-field-size-input-spacing: 15px;\n--wpforms-field-size-font-size: 16px;\n--wpforms-field-size-line-height: 19px;\n--wpforms-field-size-padding-h: 14px;\n--wpforms-field-size-checkbox-size: 16px;\n--wpforms-field-size-sublabel-spacing: 5px;\n--wpforms-field-size-icon-size: 1;\n--wpforms-label-size-font-size: 16px;\n--wpforms-label-size-line-height: 19px;\n--wpforms-label-size-sublabel-font-size: 14px;\n--wpforms-label-size-sublabel-line-height: 17px;\n--wpforms-button-size-font-size: 17px;\n--wpforms-button-size-height: 41px;\n--wpforms-button-size-padding-h: 15px;\n--wpforms-button-size-margin-top: 10px;\n--wpforms-container-shadow-size-box-shadow: 0px 30px 50px -10px rgba(0, 0, 0, 0.15);\n\n\t\t\t}\n\t\t\t<\/style><div class=\"wpforms-container wpforms-container-full wpforms-block wpforms-block-7f27e299-45b7-4d2b-967b-caa47d50d908 wpforms-render-modern\" id=\"wpforms-19\"><form id=\"wpforms-form-19\" class=\"wpforms-validate wpforms-form wpforms-ajax-form\" data-formid=\"19\" method=\"post\" enctype=\"multipart\/form-data\" action=\"\/etikhatti\/wp-json\/wp\/v2\/pages\/2?wpforms_form_id=19\" data-token=\"0cbca6b37f66840501c33486a85496fa\" data-token-time=\"1776603601\"><div class=\"wpforms-head-container\"><div class=\"wpforms-title\">Etik \u0130hlal Bildirim Formu<\/div><div class=\"wpforms-description\">Bildiriminiz gizlilik i\u00e7erisinde de\u011ferlendirilecektir.<\/div><\/div><noscript class=\"wpforms-error-noscript\">Bu formu bitirebilmek i\u00e7in taray\u0131c\u0131n\u0131zda JavaScript&#039;i etkinle\u015ftirin.<\/noscript><div id=\"wpforms-error-noscript\" style=\"display: none;\">Bu formu bitirebilmek i\u00e7in taray\u0131c\u0131n\u0131zda JavaScript&#039;i etkinle\u015ftirin.<\/div><div class=\"wpforms-field-container\"><div id=\"wpforms-19-field_9-container\" class=\"wpforms-field wpforms-field-layout\" data-field-id=\"9\"><div class=\"wpforms-field-layout-rows wpforms-field-large\"><div class=\"wpforms-layout-row\"><div class=\"wpforms-layout-column wpforms-layout-column-50\"><div id=\"wpforms-19-field_1-container\" class=\"wpforms-field wpforms-field-name\" data-field-id=\"1\"><label class=\"wpforms-field-label\" for=\"wpforms-19-field_1\">Ad Soyad<\/label><input type=\"text\" id=\"wpforms-19-field_1\" class=\"wpforms-field-medium\" name=\"wpforms[fields][1]\" placeholder=\"\u0130ste\u011fe Ba\u011fl\u0131\" aria-errormessage=\"wpforms-19-field_1-error\" ><\/div><\/div><div class=\"wpforms-layout-column wpforms-layout-column-50\"><div id=\"wpforms-19-field_3-container\" class=\"wpforms-field wpforms-field-phone\" data-field-id=\"3\"><label class=\"wpforms-field-label\" for=\"wpforms-19-field_3\">Firma Ad\u0131 <span class=\"wpforms-required-label\" aria-hidden=\"true\">*<\/span><\/label><input type=\"tel\" id=\"wpforms-19-field_3\" class=\"wpforms-field-medium wpforms-field-required\" data-rule-int-phone-field=\"true\" name=\"wpforms[fields][3]\" placeholder=\"Zorunlu Alan\" aria-label=\"Firma Ad\u0131\" aria-errormessage=\"wpforms-19-field_3-error\" required><\/div><\/div><\/div><\/div><\/div><div id=\"wpforms-19-field_2-container\" class=\"wpforms-field wpforms-field-email\" data-field-id=\"2\"><label class=\"wpforms-field-label\" for=\"wpforms-19-field_2\">Email<\/label><input type=\"email\" id=\"wpforms-19-field_2\" class=\"wpforms-field-medium\" name=\"wpforms[fields][2]\" placeholder=\"\u0130ste\u011fe Ba\u011fl\u0131\" spellcheck=\"false\" aria-errormessage=\"wpforms-19-field_2-error\" ><\/div><div id=\"wpforms-19-field_5-container\" class=\"wpforms-field wpforms-field-textarea\" data-field-id=\"5\"><label class=\"wpforms-field-label\" for=\"wpforms-19-field_5\">A\u00e7\u0131klama <span class=\"wpforms-required-label\" aria-hidden=\"true\">*<\/span><\/label><textarea id=\"wpforms-19-field_5\" class=\"wpforms-field-medium wpforms-field-required\" name=\"wpforms[fields][5]\" placeholder=\"L\u00fctfen detayl\u0131 a\u00e7\u0131klama yaz\u0131n\u0131z...\" aria-errormessage=\"wpforms-19-field_5-error\" required><\/textarea><\/div><div id=\"wpforms-19-field_4-container\" class=\"wpforms-field wpforms-field-file-upload\" data-field-id=\"4\"><label class=\"wpforms-field-label\" for=\"wpforms-19-field_4\">Dosya Y\u00fckle<\/label><input type=\"file\" id=\"wpforms-19-field_4\" data-rule-extension=\"pdf,jpg\" data-rule-maxsize=\"536870912\" name=\"wpforms_19_4\" accept=\".pdf,.jpg\" aria-errormessage=\"wpforms-19-field_4-error\" ><\/div>\t\t<div id=\"wpforms-19-field_6-container\"\n\t\t\tclass=\"wpforms-field wpforms-field-text\"\n\t\t\tdata-field-type=\"text\"\n\t\t\tdata-field-id=\"6\"\n\t\t\t>\n\t\t\t<label class=\"wpforms-field-label\" for=\"wpforms-19-field_6\" >Y\u00fckle Soyad Ad<\/label>\n\t\t\t<input type=\"text\" id=\"wpforms-19-field_6\" class=\"wpforms-field-medium\" name=\"wpforms[fields][6]\" >\n\t\t<\/div>\n\t\t<div id=\"wpforms-19-field_7-container\" class=\"wpforms-field wpforms-field-checkbox\" data-field-id=\"7\"><fieldset><legend class=\"wpforms-field-label wpforms-label-hide\" aria-hidden=\"false\">Onay kutusu <span class=\"wpforms-required-label\" aria-hidden=\"true\">*<\/span><\/legend><ul id=\"wpforms-19-field_7\" class=\"wpforms-field-required\"><li class=\"choice-1 depth-1\"><input type=\"checkbox\" id=\"wpforms-19-field_7_1\" name=\"wpforms[fields][7][]\" value=\"Ki\u015fisel Verilerin \u0130\u015flenmesi Ayd\u0131nlatma Metni\u2019ni okudum, anlad\u0131m.\" aria-errormessage=\"wpforms-19-field_7_1-error\" aria-describedby=\"wpforms-19-field_7-description\" required ><label class=\"wpforms-field-label-inline\" for=\"wpforms-19-field_7_1\">Ki\u015fisel Verilerin \u0130\u015flenmesi Ayd\u0131nlatma Metni\u2019ni okudum, anlad\u0131m. <span class=\"wpforms-required-label\">*<\/span><\/label><\/li><\/ul><div id=\"wpforms-19-field_7-description\" class=\"wpforms-field-description wpforms-disclaimer-description\"><b>K\u0130\u015e\u0130SEL VER\u0130LER\u0130N \u0130\u015eLENMES\u0130NE \u0130L\u0130\u015eK\u0130N ET\u0130K HATTI AYDINLATMA METN\u0130<\/b><br \/><br \/>\n\u015eirketimiz, \u00e7al\u0131\u015fanlar\u0131m\u0131z ve payda\u015flar\u0131m\u0131z i\u00e7in etik ilkelere uygun olmayan davran\u0131\u015flar\u0131n bildirilmesi amac\u0131yla etik hatt\u0131 olu\u015fturmu\u015ftur. Bu hat, i\u015f s\u00fcre\u00e7lerimizde g\u00fcvenilirlik, \u015feffafl\u0131k ve adil davran\u0131\u015f\u0131 te\u015fvik ederek kurumsal de\u011ferlerimizi korumay\u0131 ama\u00e7lamaktad\u0131r.<br \/><br \/>\n<br \/>\nBDQCERT BRITISH DECLARATION QUALITY DENET\u0130M E\u011e\u0130T\u0130M G\u00d6ZET\u0130M BELGELEND\u0130RME DANI\u015eMANLIK L\u0130M\u0130TED \u015e\u0130RKET\u0130 (\u201cBDQCERT Dan\u0131\u015fmanl\u0131k\u201d veya \u201c\u015eirket\u201d)  olarak ki\u015fisel verilerin korunmas\u0131na ve bilgi g\u00fcvenli\u011fine b\u00fcy\u00fck \u00f6nem vermekteyiz. Etik \u0130hlali Bildirim Formu\u2019nu doldurman\u0131z durumunda ki\u015fisel verileriniz veri sorumlusu olarak \u015eirketimiz taraf\u0131ndan i\u015flenebilecektir. \u0130\u015fbu Ayd\u0131nlatma Metni de etik hatt\u0131na yapaca\u011f\u0131n\u0131z bildirimlere ili\u015fkin \u015eirketimiz taraf\u0131ndan Veri Sorumlusu s\u0131fat\u0131yla; 6698 Say\u0131l\u0131 Ki\u015fisel Verilerin Korunmas\u0131 Kanunu\u2019nun (Kanun) 10. maddesi ile Ayd\u0131nlatma Y\u00fck\u00fcml\u00fcl\u00fc\u011f\u00fcn\u00fcn Yerine Getirilmesinde Uyulacak Usul ve Esaslar Hakk\u0131nda Tebli\u011f gere\u011fince ayd\u0131nlatma y\u00fck\u00fcml\u00fcl\u00fc\u011f\u00fcn\u00fc yerine getirmek amac\u0131yla d\u00fczenlenmi\u015ftir.<br \/><br \/>\n<br \/>\n1. \u0130\u015eLENECEK K\u0130\u015e\u0130SEL VER\u0130LER<br \/><br \/>\nEtik \u0130hlali Bildirim Formu\u2019nu doldurman\u0131z durumunda;<br \/><br \/>\n<br \/>\nKimlik: Ad soyad,<br \/><br \/>\n\u0130leti\u015fim: Telefon numaras\u0131, e-posta adresi,<br \/><br \/>\nG\u00f6rsel ve \u0130\u015fitsel Kay\u0131tlar: \u0130hbarla ba\u011flant\u0131l\u0131 olarak iletti\u011finiz foto\u011fraf vb.<br \/><br \/>\nki\u015fisel verileriniz i\u015flenebilecektir.<br \/>\n<br \/><br \/>\n2. K\u0130\u015e\u0130SEL VER\u0130LER\u0130N \u0130\u015eLENME AMACI<br \/><br \/>\nEtik Hatt\u0131 arac\u0131l\u0131\u011f\u0131yla payla\u015faca\u011f\u0131n\u0131z ki\u015fisel verileriniz;<br \/><br \/>\n<br \/>\n\u015eirketimiz taraf\u0131ndan etik hat y\u00f6netiminin amaca uygun, verimli ve etkin bir \u015fekilde sa\u011flanabilmesi,<br \/>\n\u0130hbar ve bildirimlerin al\u0131nmas\u0131, de\u011ferlendirilmesi, takibi ve sonu\u00e7land\u0131rmas\u0131,<br \/><br \/>\n\u00d6n inceleme ve soru\u015fturma faaliyetlerinin y\u00fcr\u00fct\u00fclebilmesi,<br \/><br \/>\n\u0130hbar ve bildirimler kapsam\u0131nda raporlamalar\u0131n yap\u0131labilmesi,<br \/><br \/>\n\u0130leti\u015fim faaliyetlerinin y\u00fcr\u00fct\u00fclebilmesi,<br \/><br \/>\n\u00c7al\u0131\u015fanlar\u0131m\u0131z\u0131n ve payda\u015flar\u0131m\u0131z\u0131n etik ilkelere, ulusal ve uluslararas\u0131 mevzuata ve prosed\u00fcrlere uygunlu\u011funu kontrol edilmesi<br \/>\namac\u0131yla i\u015flenecektir.<br \/><br \/>\n<br \/>\n3. K\u0130\u015e\u0130SEL VER\u0130LER\u0130N TOPLANMA Y\u00d6NTEM\u0130 VE HUKUK\u0130 GEREK\u00c7ES\u0130<br \/><br \/>\nKi\u015fisel verileriniz; etik ihlali bildirim formu, e-posta, \u00e7a\u011fr\u0131 merkezi, ilgili birimlerle y\u00fcz y\u00fcze veya di\u011fer ileti\u015fim kanallar\u0131yla ger\u00e7ekle\u015ftirilen g\u00f6r\u00fc\u015fmeler ve bunlarla s\u0131n\u0131rl\u0131 olmamak \u00fczere s\u00f6zl\u00fc, yaz\u0131l\u0131 veya elektronik kanallar arac\u0131l\u0131\u011f\u0131 ile toplanabilmektedir.<br \/>\n<br \/><br \/>\nKi\u015fisel verileriniz; Kanun\u2019un m.5\/2-e \u201cbir hakk\u0131n tesisi, kullan\u0131lmas\u0131 veya korunmas\u0131 i\u00e7in veri i\u015flemenin zorunlu olmas\u0131\u201d ve m.5\/2-f \u201cilgili ki\u015finin temel hak ve \u00f6zg\u00fcrl\u00fcklerine zarar vermemek kayd\u0131yla, veri sorumlusunun me\u015fru menfaatleri i\u00e7in veri i\u015flenmesinin zorunlu olmas\u0131\u201d hukuki \u015fartlar\u0131na ba\u011fl\u0131 olarak i\u015flenebilecektir.<br \/>\n<br \/><br \/>\n4. K\u0130\u015e\u0130SEL VER\u0130LER\u0130N K\u0130MLERE HANG\u0130 AMA\u00c7LA AKTARILAB\u0130LECE\u011e\u0130<br \/><br \/>\nEtik Hatt\u0131 arac\u0131l\u0131\u011f\u0131yla iletece\u011finiz ki\u015fisel verileriniz; \u015eirketimiz taraf\u0131ndan etik hat y\u00f6netiminin amaca uygun, verimli ve etkin bir \u015fekilde sa\u011flanabilmesi, ihbar ve bildirimlerin al\u0131nmas\u0131, de\u011ferlendirilmesi ve takibi, \u00f6n inceleme ve soru\u015fturma faaliyetlerinin y\u00fcr\u00fct\u00fclebilmesi, ihbar ve bildirimler kapsam\u0131nda raporlamalar\u0131n yap\u0131labilmesi, ileti\u015fim faaliyetlerinin y\u00fcr\u00fct\u00fclebilmesi ama\u00e7lar\u0131yla \u015eirketimizin i\u015f ortaklar\u0131na, dan\u0131\u015fmanlar\u0131na, hissedarlar\u0131na, i\u015ftiraklerine, tedarik\u00e7ilerine ve bildiriminizin muhatapt\u0131 ilgili ki\u015filere, gerekmesi halinde kanunen yetkili kurum ve kurulu\u015flara aktar\u0131labilecektir.<br \/>\n<br \/><br \/>\n5. KANUN\u2019UN 11. MADDES\u0130NDE D\u00dcZENLENEN \u0130LG\u0130L\u0130 K\u0130\u015e\u0130 OLARAK HAKLARINIZ<br \/><br \/>\nKi\u015fisel verilerinizin i\u015flenip i\u015flenmedi\u011fini \u00f6\u011frenme,<br \/>\nKi\u015fisel verileriniz i\u015flenmi\u015fse buna ili\u015fkin bilgi talep etme,<br \/><br \/>\nKi\u015fisel verilerinizin i\u015flenme amac\u0131n\u0131 ve bunlar\u0131n amac\u0131na uygun kullan\u0131l\u0131p kullan\u0131lmad\u0131\u011f\u0131n\u0131 \u00f6\u011frenme,<br \/>\nYurt i\u00e7inde veya yurt d\u0131\u015f\u0131nda ki\u015fisel verilerinizin aktar\u0131ld\u0131\u011f\u0131 \u00fc\u00e7\u00fcnc\u00fc ki\u015fileri bilme,<br \/><br \/>\nKi\u015fisel verilerinizin eksik veya yanl\u0131\u015f i\u015flenmi\u015f olmas\u0131 h\u00e2linde bunlar\u0131n d\u00fczeltilmesini isteme ve bu kapsamda yap\u0131lan i\u015flemin ki\u015fisel verilerinizin aktar\u0131ld\u0131\u011f\u0131 \u00fc\u00e7\u00fcnc\u00fc ki\u015filere bildirilmesini isteme,<br \/>\nKanun\u2019a ve ilgili di\u011fer kanun h\u00fck\u00fcmlerine uygun olarak i\u015flenmi\u015f olmas\u0131na ra\u011fmen, i\u015flenmesini gerektiren sebeplerin ortadan kalkmas\u0131 h\u00e2linde ki\u015fisel verilerin silinmesini veya yok edilmesini isteme ve bu kapsamda yap\u0131lan i\u015flemin ki\u015fisel verilerinizin aktar\u0131ld\u0131\u011f\u0131 \u00fc\u00e7\u00fcnc\u00fc ki\u015filere bildirilmesini isteme,<br \/><br \/>\n\u0130\u015flenen verilerin m\u00fcnhas\u0131ran otomatik sistemler vas\u0131tas\u0131yla analiz edilmesi suretiyle aleyhinize bir sonucun ortaya \u00e7\u0131kmas\u0131 durumunda buna itiraz etme,<br \/><br \/>\nKi\u015fisel verilerinizin kanuna ayk\u0131r\u0131 olarak i\u015flenmesi sebebiyle zarara u\u011framan\u0131z h\u00e2linde zarar\u0131n giderilmesini talep etme<br \/><br \/>\nYukar\u0131da s\u0131ralanan ba\u015fvuru ve taleplerinizi, internet sitemizde yer alan Veri Sahibi Ba\u015fvuru Forumu\u2019nu doldurarak, \u201cK\u00d6Y\u0130\u00c7\u0130 MAHALLES\u0130 ANADOLU CD. NO:866 KAT:2 DA\u0130RE:10 \u00c7\u0130\u011eL\u0130\/\u0130ZM\u0130R\u201d adresine \u015fahsen veya noter kanal\u0131 ile ileterek, \u015eirketimize daha \u00f6nce bildirilen ve sistemimizde kay\u0131tl\u0131 bulunan elektronik e-posta adresinden bilgi@bdqcert.com adresine g\u00f6ndererek iletebilirsiniz. Ba\u015fvurunuzda bulunmas\u0131 gereken hususlar ile ba\u015fvuru y\u00f6ntemine ili\u015fkin detayl\u0131 bilgiye Veri Sahibi Ba\u015fvuru Formu\u2019ndan ula\u015fabilirsiniz.<\/div><\/fieldset><\/div><script>\n\t\t\t\t( function() {\n\t\t\t\t\tconst style = document.createElement( 'style' );\n\t\t\t\t\tstyle.appendChild( document.createTextNode( '#wpforms-19-field_6-container { position: absolute !important; overflow: hidden !important; display: inline !important; height: 1px !important; width: 1px !important; z-index: -1000 !important; padding: 0 !important; } #wpforms-19-field_6-container input { visibility: hidden; } #wpforms-conversational-form-page #wpforms-19-field_6-container label { counter-increment: none; }' ) );\n\t\t\t\t\tdocument.head.appendChild( style );\n\t\t\t\t\tdocument.currentScript?.remove();\n\t\t\t\t} )();\n\t\t\t<\/script><\/div><!-- .wpforms-field-container --><div class=\"wpforms-recaptcha-container wpforms-is-recaptcha wpforms-is-recaptcha-type-v2\" ><div class=\"g-recaptcha\" data-sitekey=\"6LdCFqorAAAAACaBOfP9JFBC4LXdX7QW0DFT3uad\"><\/div><input type=\"text\" name=\"g-recaptcha-hidden\" class=\"wpforms-recaptcha-hidden\" style=\"position:absolute!important;clip:rect(0,0,0,0)!important;height:1px!important;width:1px!important;border:0!important;overflow:hidden!important;padding:0!important;margin:0!important;\" data-rule-recaptcha=\"1\"><\/div><div class=\"wpforms-submit-container\" ><input type=\"hidden\" name=\"wpforms[id]\" value=\"19\"><input type=\"hidden\" name=\"page_title\" value=\"\"><input type=\"hidden\" name=\"page_url\" value=\"https:\/\/bdqcert.com\/etikhatti\/wp-json\/wp\/v2\/pages\/2\"><input type=\"hidden\" name=\"url_referer\" value=\"\"><button type=\"submit\" name=\"wpforms[submit]\" id=\"wpforms-submit-19\" class=\"wpforms-submit\" data-alt-text=\"G\u00f6nderiliyor...\" data-submit-text=\"G\u00f6nder\" aria-live=\"assertive\" value=\"wpforms-submit\">G\u00f6nder<\/button><img loading=\"lazy\" decoding=\"async\" src=\"https:\/\/bdqcert.com\/etikhatti\/wp-content\/plugins\/wpforms\/assets\/images\/submit-spin.svg\" class=\"wpforms-submit-spinner\" style=\"display: none;\" width=\"26\" height=\"26\" alt=\"Y\u00fckleniyor\"><\/div><\/form><\/div>  <!-- .wpforms-container -->","protected":false},"excerpt":{"rendered":"","protected":false},"author":1,"featured_media":0,"parent":0,"menu_order":0,"comment_status":"closed","ping_status":"closed","template":"","meta":{"footnotes":""},"class_list":["post-2","page","type-page","status-publish","hentry"],"_links":{"self":[{"href":"https:\/\/bdqcert.com\/etikhatti\/wp-json\/wp\/v2\/pages\/2","targetHints":{"allow":["GET"]}}],"collection":[{"href":"https:\/\/bdqcert.com\/etikhatti\/wp-json\/wp\/v2\/pages"}],"about":[{"href":"https:\/\/bdqcert.com\/etikhatti\/wp-json\/wp\/v2\/types\/page"}],"author":[{"embeddable":true,"href":"https:\/\/bdqcert.com\/etikhatti\/wp-json\/wp\/v2\/users\/1"}],"replies":[{"embeddable":true,"href":"https:\/\/bdqcert.com\/etikhatti\/wp-json\/wp\/v2\/comments?post=2"}],"version-history":[{"count":11,"href":"https:\/\/bdqcert.com\/etikhatti\/wp-json\/wp\/v2\/pages\/2\/revisions"}],"predecessor-version":[{"id":41,"href":"https:\/\/bdqcert.com\/etikhatti\/wp-json\/wp\/v2\/pages\/2\/revisions\/41"}],"wp:attachment":[{"href":"https:\/\/bdqcert.com\/etikhatti\/wp-json\/wp\/v2\/media?parent=2"}],"curies":[{"name":"wp","href":"https:\/\/api.w.org\/{rel}","templated":true}]}}